{"id":106,"date":"2025-08-30T14:55:41","date_gmt":"2025-08-30T14:55:41","guid":{"rendered":"https:\/\/store.prolexia.fr\/?post_type=product&#038;p=106"},"modified":"2025-09-01T10:32:49","modified_gmt":"2025-09-01T10:32:49","slug":"borne-multimedia","status":"publish","type":"product","link":"https:\/\/store.prolexia.fr\/fr\/produit\/borne-multimedia\/","title":{"rendered":"Borne multim\u00e9dia 65&#8243;"},"content":{"rendered":"<p data-start=\"201\" data-end=\"513\">Con\u00e7ue pour offrir une exp\u00e9rience utilisateur fluide et intuitive, cette borne tactile de 65 pouces combine robustesse, design moderne et fonctionnalit\u00e9s avanc\u00e9es. Sa structure renforc\u00e9e et anti-vandalisme garantit une utilisation intensive et s\u00e9curis\u00e9e, id\u00e9ale pour les lieux recevant un large public.<\/p>\n<h3 data-start=\"515\" data-end=\"568\">Un outil polyvalent pour vos espaces int\u00e9rieurs<\/h3>\n<p data-start=\"569\" data-end=\"783\">Parfaite pour \u00e9quiper une salle de conf\u00e9rence ou de r\u00e9union, un hall d\u2019accueil, un mus\u00e9e ou encore un \u00e9tablissement de sant\u00e9, cette borne devient un v\u00e9ritable point d\u2019interaction et d\u2019information.<\/p>\n<h3 data-start=\"785\" data-end=\"819\">Caract\u00e9ristiques principales<\/h3>\n<ul>\n<li data-start=\"822\" data-end=\"984\">\u00c9cran tactile iiyama 65\u2019\u2019 : affichage haute r\u00e9solution (UHD 2160&#215;3840) offrant une grande surface d\u2019affichage pour pr\u00e9sentations, contenus multim\u00e9dias ou applications interactives.<\/li>\n<li>Plan de travail en bois massif<\/li>\n<li>Hauts parleur int\u00e9gr\u00e9s<\/li>\n<li data-start=\"987\" data-end=\"1113\">Android int\u00e9gr\u00e9 et stylet : navigation simple et pr\u00e9cise, adapt\u00e9e aussi bien au doigt qu\u2019au stylet pour plus de confort.<\/li>\n<li data-start=\"1116\" data-end=\"1304\">Espace pour PC interne : possibilit\u00e9 d\u2019int\u00e9grer un ordinateur \u00e0 l\u2019int\u00e9rieur de la borne pour des usages plus pouss\u00e9s (logiciels m\u00e9tiers, pr\u00e9sentations complexes, outils sp\u00e9cifiques), disponible en option<\/li>\n<li data-start=\"1307\" data-end=\"1506\">D\u00e9veloppement sur mesure : int\u00e9gration de vos logiciels ou sites personnalis\u00e9s, afin d\u2019adapter parfaitement la borne \u00e0 vos besoins de communication, de formation ou de m\u00e9diation culturelle, disponible en option<\/li>\n<\/ul>\n<h3 data-start=\"785\" data-end=\"819\">D\u00e9mo<\/h3>\n<p>Il est possible de venir voir et essayer la borne dans nos locaux \u00e0 La Seyne-sur-Mer sur rendez-vous. Contactez nous via la <a href=\"https:\/\/prolexia.fr\/contact\" target=\"_blank\" rel=\"noopener\">page de contact<\/a><\/p>\n<h3 data-start=\"785\" data-end=\"819\"><strong>Remarques<\/strong><\/h3>\n<ul style=\"font-size: 1.2em; font-weight: 600;\">\n<li><strong>Etat : occasion<\/strong><\/li>\n<li>La borne a d\u00e9j\u00e0 servie pendant une dur\u00e9e de deux ans et peut pr\u00e9senter des signes d&#8217;usure l\u00e9g\u00e8re, d&#8217;o\u00f9 la r\u00e9duction de 50% sur le prix d&#8217;origine<\/li>\n<li>Chaque borne est rigoureusement test\u00e9e avant d&#8217;\u00eatre livr\u00e9e \/ r\u00e9cup\u00e9r\u00e9e<\/li>\n<li>Les photos repr\u00e9sentent une borne personnalis\u00e9e pour un client. La borne vendue et son habillage peuvent varier de couleur et d&#8217;habillage.<\/li>\n<\/ul>\n<h3 data-start=\"785\" data-end=\"819\">Livraison et montage<\/h3>\n<ul>\n<li>La livraison et le montage ne sont pas inclus dans le prix<\/li>\n<li>Une notice de montage sera envoy\u00e9e par email \u00e0 la suite d&#8217;une commande<\/li>\n<li>Il est possible de venir essayer et r\u00e9cup\u00e9rer la borne dans nos locaux \u00e0 La Seyne-sur-Mer, sur rendez vous<\/li>\n<\/ul>","protected":false},"excerpt":{"rendered":"<p>Con\u00e7ue pour offrir une exp\u00e9rience utilisateur fluide et intuitive, cette borne tactile de <strong data-start=\"291\" data-end=\"304\">65 pouces<\/strong> combine robustesse, design moderne et fonctionnalit\u00e9s avanc\u00e9es. Sa structure <strong data-start=\"382\" data-end=\"414\">renforc\u00e9e et anti-vandalisme<\/strong> garantit une utilisation intensive et s\u00e9curis\u00e9e, id\u00e9ale pour les lieux recevant un large public.<\/p>","protected":false},"featured_media":136,"template":"","meta":[],"product_brand":[],"product_cat":[25],"product_tag":[],"class_list":{"0":"post-106","1":"product","2":"type-product","3":"status-publish","4":"has-post-thumbnail","6":"product_cat-bornes","7":"product_shipping_class-no-shipping","9":"first","10":"instock","11":"sale","12":"shipping-taxable","13":"purchasable","14":"product-type-simple"},"yoast_head":"<!-- This site is optimized with the Yoast SEO plugin v26.7 - https:\/\/yoast.com\/wordpress\/plugins\/seo\/ -->\n<title>Borne multim\u00e9dia 65&quot; - PROLEXIA STORE<\/title>\n<meta name=\"robots\" content=\"index, follow, max-snippet:-1, max-image-preview:large, max-video-preview:-1\" \/>\n<link rel=\"canonical\" href=\"https:\/\/store.prolexia.fr\/fr\/produit\/borne-multimedia\/\" \/>\n<meta property=\"og:locale\" content=\"fr_FR\" \/>\n<meta property=\"og:type\" content=\"article\" \/>\n<meta property=\"og:title\" content=\"Borne multim\u00e9dia 65&quot; - PROLEXIA STORE\" \/>\n<meta property=\"og:description\" content=\"Con\u00e7ue pour offrir une exp\u00e9rience utilisateur fluide et intuitive, cette borne tactile de 65 pouces combine robustesse, design moderne et fonctionnalit\u00e9s avanc\u00e9es. Sa structure renforc\u00e9e et anti-vandalisme garantit une utilisation intensive et s\u00e9curis\u00e9e, id\u00e9ale pour les lieux recevant un large public.\" \/>\n<meta property=\"og:url\" content=\"https:\/\/store.prolexia.fr\/fr\/produit\/borne-multimedia\/\" \/>\n<meta property=\"og:site_name\" content=\"PROLEXIA STORE\" \/>\n<meta property=\"article:publisher\" content=\"https:\/\/www.facebook.com\/prolexiafr\/\" \/>\n<meta property=\"article:modified_time\" content=\"2025-09-01T10:32:49+00:00\" \/>\n<meta property=\"og:image\" content=\"https:\/\/store.prolexia.fr\/wp-content\/uploads\/2025\/08\/IMG_9386-e1756598801377.jpg\" \/>\n\t<meta property=\"og:image:width\" content=\"708\" \/>\n\t<meta property=\"og:image:height\" content=\"709\" \/>\n\t<meta property=\"og:image:type\" content=\"image\/jpeg\" \/>\n<meta name=\"twitter:card\" content=\"summary_large_image\" \/>\n<meta name=\"twitter:site\" content=\"@prolexiafr\" \/>\n<meta name=\"twitter:label1\" content=\"Dur\u00e9e de lecture estim\u00e9e\" \/>\n\t<meta name=\"twitter:data1\" content=\"2 minutes\" \/>\n<script type=\"application\/ld+json\" class=\"yoast-schema-graph\">{\"@context\":\"https:\/\/schema.org\",\"@graph\":[{\"@type\":\"WebPage\",\"@id\":\"https:\/\/store.prolexia.fr\/product\/borne-multimedia\/\",\"url\":\"https:\/\/store.prolexia.fr\/product\/borne-multimedia\/\",\"name\":\"Borne multim\u00e9dia 65\\\" - PROLEXIA STORE\",\"isPartOf\":{\"@id\":\"https:\/\/store.prolexia.fr\/#website\"},\"primaryImageOfPage\":{\"@id\":\"https:\/\/store.prolexia.fr\/product\/borne-multimedia\/#primaryimage\"},\"image\":{\"@id\":\"https:\/\/store.prolexia.fr\/product\/borne-multimedia\/#primaryimage\"},\"thumbnailUrl\":\"https:\/\/store.prolexia.fr\/wp-content\/uploads\/2025\/08\/IMG_9386-e1756598801377.jpg\",\"datePublished\":\"2025-08-30T14:55:41+00:00\",\"dateModified\":\"2025-09-01T10:32:49+00:00\",\"breadcrumb\":{\"@id\":\"https:\/\/store.prolexia.fr\/product\/borne-multimedia\/#breadcrumb\"},\"inLanguage\":\"fr-FR\",\"potentialAction\":[{\"@type\":\"ReadAction\",\"target\":[\"https:\/\/store.prolexia.fr\/product\/borne-multimedia\/\"]}]},{\"@type\":\"ImageObject\",\"inLanguage\":\"fr-FR\",\"@id\":\"https:\/\/store.prolexia.fr\/product\/borne-multimedia\/#primaryimage\",\"url\":\"https:\/\/store.prolexia.fr\/wp-content\/uploads\/2025\/08\/IMG_9386-e1756598801377.jpg\",\"contentUrl\":\"https:\/\/store.prolexia.fr\/wp-content\/uploads\/2025\/08\/IMG_9386-e1756598801377.jpg\",\"width\":708,\"height\":709},{\"@type\":\"BreadcrumbList\",\"@id\":\"https:\/\/store.prolexia.fr\/product\/borne-multimedia\/#breadcrumb\",\"itemListElement\":[{\"@type\":\"ListItem\",\"position\":1,\"name\":\"Home\",\"item\":\"https:\/\/store.prolexia.fr\/\"},{\"@type\":\"ListItem\",\"position\":2,\"name\":\"STORE\",\"item\":\"https:\/\/store.prolexia.fr\/\"},{\"@type\":\"ListItem\",\"position\":3,\"name\":\"Borne multim\u00e9dia 65&#8243;\"}]},{\"@type\":\"WebSite\",\"@id\":\"https:\/\/store.prolexia.fr\/#website\",\"url\":\"https:\/\/store.prolexia.fr\/\",\"name\":\"PROLEXIA STORE\",\"description\":\"\",\"publisher\":{\"@id\":\"https:\/\/store.prolexia.fr\/#organization\"},\"potentialAction\":[{\"@type\":\"SearchAction\",\"target\":{\"@type\":\"EntryPoint\",\"urlTemplate\":\"https:\/\/store.prolexia.fr\/?s={search_term_string}\"},\"query-input\":{\"@type\":\"PropertyValueSpecification\",\"valueRequired\":true,\"valueName\":\"search_term_string\"}}],\"inLanguage\":\"fr-FR\"},{\"@type\":\"Organization\",\"@id\":\"https:\/\/store.prolexia.fr\/#organization\",\"name\":\"PROLEXIA STORE\",\"url\":\"https:\/\/store.prolexia.fr\/\",\"logo\":{\"@type\":\"ImageObject\",\"inLanguage\":\"fr-FR\",\"@id\":\"https:\/\/store.prolexia.fr\/#\/schema\/logo\/image\/\",\"url\":\"https:\/\/store.prolexia.fr\/wp-content\/uploads\/2025\/12\/cropped-logo2-scaled-1.png\",\"contentUrl\":\"https:\/\/store.prolexia.fr\/wp-content\/uploads\/2025\/12\/cropped-logo2-scaled-1.png\",\"width\":2559,\"height\":308,\"caption\":\"PROLEXIA STORE\"},\"image\":{\"@id\":\"https:\/\/store.prolexia.fr\/#\/schema\/logo\/image\/\"},\"sameAs\":[\"https:\/\/www.facebook.com\/prolexiafr\/\",\"https:\/\/x.com\/prolexiafr\",\"https:\/\/www.linkedin.com\/company\/prolexia\/\",\"https:\/\/www.youtube.com\/@PROLEXIA\"]}]}<\/script>\n<!-- \/ Yoast SEO plugin. -->","yoast_head_json":{"title":"Borne multim\u00e9dia 65\" - PROLEXIA STORE","robots":{"index":"index","follow":"follow","max-snippet":"max-snippet:-1","max-image-preview":"max-image-preview:large","max-video-preview":"max-video-preview:-1"},"canonical":"https:\/\/store.prolexia.fr\/fr\/produit\/borne-multimedia\/","og_locale":"fr_FR","og_type":"article","og_title":"Borne multim\u00e9dia 65\" - PROLEXIA STORE","og_description":"Con\u00e7ue pour offrir une exp\u00e9rience utilisateur fluide et intuitive, cette borne tactile de 65 pouces combine robustesse, design moderne et fonctionnalit\u00e9s avanc\u00e9es. Sa structure renforc\u00e9e et anti-vandalisme garantit une utilisation intensive et s\u00e9curis\u00e9e, id\u00e9ale pour les lieux recevant un large public.","og_url":"https:\/\/store.prolexia.fr\/fr\/produit\/borne-multimedia\/","og_site_name":"PROLEXIA STORE","article_publisher":"https:\/\/www.facebook.com\/prolexiafr\/","article_modified_time":"2025-09-01T10:32:49+00:00","og_image":[{"width":708,"height":709,"url":"https:\/\/store.prolexia.fr\/wp-content\/uploads\/2025\/08\/IMG_9386-e1756598801377.jpg","type":"image\/jpeg"}],"twitter_card":"summary_large_image","twitter_site":"@prolexiafr","twitter_misc":{"Dur\u00e9e de lecture estim\u00e9e":"2 minutes"},"schema":{"@context":"https:\/\/schema.org","@graph":[{"@type":"WebPage","@id":"https:\/\/store.prolexia.fr\/product\/borne-multimedia\/","url":"https:\/\/store.prolexia.fr\/product\/borne-multimedia\/","name":"Borne multim\u00e9dia 65\" - PROLEXIA STORE","isPartOf":{"@id":"https:\/\/store.prolexia.fr\/#website"},"primaryImageOfPage":{"@id":"https:\/\/store.prolexia.fr\/product\/borne-multimedia\/#primaryimage"},"image":{"@id":"https:\/\/store.prolexia.fr\/product\/borne-multimedia\/#primaryimage"},"thumbnailUrl":"https:\/\/store.prolexia.fr\/wp-content\/uploads\/2025\/08\/IMG_9386-e1756598801377.jpg","datePublished":"2025-08-30T14:55:41+00:00","dateModified":"2025-09-01T10:32:49+00:00","breadcrumb":{"@id":"https:\/\/store.prolexia.fr\/product\/borne-multimedia\/#breadcrumb"},"inLanguage":"fr-FR","potentialAction":[{"@type":"ReadAction","target":["https:\/\/store.prolexia.fr\/product\/borne-multimedia\/"]}]},{"@type":"ImageObject","inLanguage":"fr-FR","@id":"https:\/\/store.prolexia.fr\/product\/borne-multimedia\/#primaryimage","url":"https:\/\/store.prolexia.fr\/wp-content\/uploads\/2025\/08\/IMG_9386-e1756598801377.jpg","contentUrl":"https:\/\/store.prolexia.fr\/wp-content\/uploads\/2025\/08\/IMG_9386-e1756598801377.jpg","width":708,"height":709},{"@type":"BreadcrumbList","@id":"https:\/\/store.prolexia.fr\/product\/borne-multimedia\/#breadcrumb","itemListElement":[{"@type":"ListItem","position":1,"name":"Home","item":"https:\/\/store.prolexia.fr\/"},{"@type":"ListItem","position":2,"name":"STORE","item":"https:\/\/store.prolexia.fr\/"},{"@type":"ListItem","position":3,"name":"Borne multim\u00e9dia 65&#8243;"}]},{"@type":"WebSite","@id":"https:\/\/store.prolexia.fr\/#website","url":"https:\/\/store.prolexia.fr\/","name":"PROLEXIA STORE","description":"","publisher":{"@id":"https:\/\/store.prolexia.fr\/#organization"},"potentialAction":[{"@type":"SearchAction","target":{"@type":"EntryPoint","urlTemplate":"https:\/\/store.prolexia.fr\/?s={search_term_string}"},"query-input":{"@type":"PropertyValueSpecification","valueRequired":true,"valueName":"search_term_string"}}],"inLanguage":"fr-FR"},{"@type":"Organization","@id":"https:\/\/store.prolexia.fr\/#organization","name":"PROLEXIA STORE","url":"https:\/\/store.prolexia.fr\/","logo":{"@type":"ImageObject","inLanguage":"fr-FR","@id":"https:\/\/store.prolexia.fr\/#\/schema\/logo\/image\/","url":"https:\/\/store.prolexia.fr\/wp-content\/uploads\/2025\/12\/cropped-logo2-scaled-1.png","contentUrl":"https:\/\/store.prolexia.fr\/wp-content\/uploads\/2025\/12\/cropped-logo2-scaled-1.png","width":2559,"height":308,"caption":"PROLEXIA STORE"},"image":{"@id":"https:\/\/store.prolexia.fr\/#\/schema\/logo\/image\/"},"sameAs":["https:\/\/www.facebook.com\/prolexiafr\/","https:\/\/x.com\/prolexiafr","https:\/\/www.linkedin.com\/company\/prolexia\/","https:\/\/www.youtube.com\/@PROLEXIA"]}]}},"_links":{"self":[{"href":"https:\/\/store.prolexia.fr\/fr\/wp-json\/wp\/v2\/product\/106","targetHints":{"allow":["GET"]}}],"collection":[{"href":"https:\/\/store.prolexia.fr\/fr\/wp-json\/wp\/v2\/product"}],"about":[{"href":"https:\/\/store.prolexia.fr\/fr\/wp-json\/wp\/v2\/types\/product"}],"version-history":[{"count":17,"href":"https:\/\/store.prolexia.fr\/fr\/wp-json\/wp\/v2\/product\/106\/revisions"}],"predecessor-version":[{"id":184,"href":"https:\/\/store.prolexia.fr\/fr\/wp-json\/wp\/v2\/product\/106\/revisions\/184"}],"wp:featuredmedia":[{"embeddable":true,"href":"https:\/\/store.prolexia.fr\/fr\/wp-json\/wp\/v2\/media\/136"}],"wp:attachment":[{"href":"https:\/\/store.prolexia.fr\/fr\/wp-json\/wp\/v2\/media?parent=106"}],"wp:term":[{"taxonomy":"product_brand","embeddable":true,"href":"https:\/\/store.prolexia.fr\/fr\/wp-json\/wp\/v2\/product_brand?post=106"},{"taxonomy":"product_cat","embeddable":true,"href":"https:\/\/store.prolexia.fr\/fr\/wp-json\/wp\/v2\/product_cat?post=106"},{"taxonomy":"product_tag","embeddable":true,"href":"https:\/\/store.prolexia.fr\/fr\/wp-json\/wp\/v2\/product_tag?post=106"}],"curies":[{"name":"wp","href":"https:\/\/api.w.org\/{rel}","templated":true}]}}