{"id":223,"date":"2025-12-30T20:29:06","date_gmt":"2025-12-30T20:29:06","guid":{"rendered":"https:\/\/store.prolexia.fr\/?page_id=223"},"modified":"2026-01-19T19:15:56","modified_gmt":"2026-01-19T18:15:56","slug":"terms-and-conditions","status":"publish","type":"page","link":"https:\/\/store.prolexia.fr\/fr\/terms-and-conditions\/","title":{"rendered":"Mentions l\u00e9gales"},"content":{"rendered":"<p>Conform\u00e9ment aux dispositions de la loi n\u00b02004-575 du 21 juin 2004 pour la confiance dans l\u2019\u00e9conomie num\u00e9rique (LCEN).<\/p>\n\n\n\n<h3 class=\"wp-block-heading\">1. \u00c9diteur du site<\/h3>\n\n\n\n<p>Nom de l\u2019entreprise : PROLEXIA<br>Forme juridique : SARL<br>Capital social : 500 000 \u20ac<br>Si\u00e8ge social : 865 avenue de Bruxelles, 83500 La Seyne-sur-Mer, France<br>Num\u00e9ro de SIRET : 398 926 774 00033<br>TVA intracommunautaire : FR57398926774<\/p>\n\n\n\n<p>Responsable de la publication : St\u00e9phane NICOLAS<br>Email &amp; T\u00e9l\u00e9phone : <a href=\"https:\/\/prolexia.fr\/contact\">use contact page<\/a><\/p>\n\n\n\n<h3 class=\"wp-block-heading\">2. H\u00e9bergement<\/h3>\n\n\n\n<p>H\u00e9bergeur : SAPINET<br>Adresse : 65 Rue de la croix, 92000 Nanterre, France<br>Site web : sapinet.fr<\/p>\n\n\n\n<h3 class=\"wp-block-heading\">3. Propri\u00e9t\u00e9 intellectuelle<\/h3>\n\n\n\n<p>L\u2019ensemble du site (textes, images, graphismes, logos, vid\u00e9os, fichiers num\u00e9riques, etc.) est prot\u00e9g\u00e9 par le droit d\u2019auteur et la propri\u00e9t\u00e9 intellectuelle.<br>Toute reproduction, repr\u00e9sentation, modification ou exploitation, totale ou partielle, sans autorisation \u00e9crite pr\u00e9alable est strictement interdite.<\/p>\n\n\n\n<h3 class=\"wp-block-heading\">4. Donn\u00e9es personnelles<\/h3>\n\n\n\n<p>Les informations personnelles collect\u00e9es sont trait\u00e9es conform\u00e9ment au R\u00e8glement G\u00e9n\u00e9ral sur la Protection des Donn\u00e9es (RGPD).<br>L\u2019utilisateur dispose d\u2019un droit d\u2019acc\u00e8s, de rectification, d\u2019opposition, de limitation et de suppression de ses donn\u00e9es.<\/p>\n\n\n\n<p class=\"translation-block\">Pour exercer ces droits, contactez nous via la <a href=\"https:\/\/prolexia.fr\/contact\" target=\"_self\">page de contact<\/a>.<br>Pour plus d\u2019informations, consulter la Politique de confidentialit\u00e9 du site.<\/p>\n\n\n\n<h3 class=\"wp-block-heading\">5. Cookies<\/h3>\n\n\n\n<p>Le site peut utiliser des cookies pour am\u00e9liorer l\u2019exp\u00e9rience utilisateur.<br>L\u2019utilisateur peut g\u00e9rer ses pr\u00e9f\u00e9rences via le bandeau de cookies ou les param\u00e8tres de son navigateur.<\/p>","protected":false},"excerpt":{"rendered":"<p>In accordance with the provisions of Law No. 2004-575 of June 21, 2004 on Confidence in the Digital Economy (LCEN). 1. Website Publisher Company name: PROLEXIALegal form: SARLShare capital: 500 000 \u20acRegistered office: 865 avenue de Bruxelles, 83500 La Seyne-sur-Mer, FranceSIRET number: 398 926 774 00033EU VAT number: FR57398926774 Publication manager: St\u00e9phane NICOLASEmail &amp; Phone: [&hellip;]<\/p>","protected":false},"author":1,"featured_media":0,"parent":0,"menu_order":0,"comment_status":"closed","ping_status":"closed","template":"","meta":{"footnotes":""},"class_list":["post-223","page","type-page","status-publish","hentry"],"yoast_head":"<!-- This site is optimized with the Yoast SEO plugin v26.7 - https:\/\/yoast.com\/wordpress\/plugins\/seo\/ -->\n<title>Terms and Conditions - PROLEXIA STORE<\/title>\n<meta name=\"robots\" content=\"index, follow, max-snippet:-1, max-image-preview:large, max-video-preview:-1\" \/>\n<link rel=\"canonical\" href=\"https:\/\/store.prolexia.fr\/fr\/terms-and-conditions\/\" \/>\n<meta property=\"og:locale\" content=\"fr_FR\" \/>\n<meta property=\"og:type\" content=\"article\" \/>\n<meta property=\"og:title\" content=\"Terms and Conditions - PROLEXIA STORE\" \/>\n<meta property=\"og:description\" content=\"In accordance with the provisions of Law No. 2004-575 of June 21, 2004 on Confidence in the Digital Economy (LCEN). 1. Website Publisher Company name: PROLEXIALegal form: SARLShare capital: 500 000 \u20acRegistered office: 865 avenue de Bruxelles, 83500 La Seyne-sur-Mer, FranceSIRET number: 398 926 774 00033EU VAT number: FR57398926774 Publication manager: St\u00e9phane NICOLASEmail &amp; Phone: [&hellip;]\" \/>\n<meta property=\"og:url\" content=\"https:\/\/store.prolexia.fr\/fr\/terms-and-conditions\/\" \/>\n<meta property=\"og:site_name\" content=\"PROLEXIA STORE\" \/>\n<meta property=\"article:publisher\" content=\"https:\/\/www.facebook.com\/prolexiafr\/\" \/>\n<meta property=\"article:modified_time\" content=\"2026-01-19T18:15:56+00:00\" \/>\n<meta name=\"twitter:card\" content=\"summary_large_image\" \/>\n<meta name=\"twitter:site\" content=\"@prolexiafr\" \/>\n<meta name=\"twitter:label1\" content=\"Dur\u00e9e de lecture estim\u00e9e\" \/>\n\t<meta name=\"twitter:data1\" content=\"1 minute\" \/>\n<script type=\"application\/ld+json\" class=\"yoast-schema-graph\">{\"@context\":\"https:\/\/schema.org\",\"@graph\":[{\"@type\":\"WebPage\",\"@id\":\"https:\/\/store.prolexia.fr\/terms-and-conditions\/\",\"url\":\"https:\/\/store.prolexia.fr\/terms-and-conditions\/\",\"name\":\"Terms and Conditions - PROLEXIA STORE\",\"isPartOf\":{\"@id\":\"https:\/\/store.prolexia.fr\/#website\"},\"datePublished\":\"2025-12-30T20:29:06+00:00\",\"dateModified\":\"2026-01-19T18:15:56+00:00\",\"breadcrumb\":{\"@id\":\"https:\/\/store.prolexia.fr\/terms-and-conditions\/#breadcrumb\"},\"inLanguage\":\"fr-FR\",\"potentialAction\":[{\"@type\":\"ReadAction\",\"target\":[\"https:\/\/store.prolexia.fr\/terms-and-conditions\/\"]}]},{\"@type\":\"BreadcrumbList\",\"@id\":\"https:\/\/store.prolexia.fr\/terms-and-conditions\/#breadcrumb\",\"itemListElement\":[{\"@type\":\"ListItem\",\"position\":1,\"name\":\"Home\",\"item\":\"https:\/\/store.prolexia.fr\/\"},{\"@type\":\"ListItem\",\"position\":2,\"name\":\"Terms and Conditions\"}]},{\"@type\":\"WebSite\",\"@id\":\"https:\/\/store.prolexia.fr\/#website\",\"url\":\"https:\/\/store.prolexia.fr\/\",\"name\":\"PROLEXIA STORE\",\"description\":\"\",\"publisher\":{\"@id\":\"https:\/\/store.prolexia.fr\/#organization\"},\"potentialAction\":[{\"@type\":\"SearchAction\",\"target\":{\"@type\":\"EntryPoint\",\"urlTemplate\":\"https:\/\/store.prolexia.fr\/?s={search_term_string}\"},\"query-input\":{\"@type\":\"PropertyValueSpecification\",\"valueRequired\":true,\"valueName\":\"search_term_string\"}}],\"inLanguage\":\"fr-FR\"},{\"@type\":\"Organization\",\"@id\":\"https:\/\/store.prolexia.fr\/#organization\",\"name\":\"PROLEXIA STORE\",\"url\":\"https:\/\/store.prolexia.fr\/\",\"logo\":{\"@type\":\"ImageObject\",\"inLanguage\":\"fr-FR\",\"@id\":\"https:\/\/store.prolexia.fr\/#\/schema\/logo\/image\/\",\"url\":\"https:\/\/store.prolexia.fr\/wp-content\/uploads\/2025\/12\/cropped-logo2-scaled-1.png\",\"contentUrl\":\"https:\/\/store.prolexia.fr\/wp-content\/uploads\/2025\/12\/cropped-logo2-scaled-1.png\",\"width\":2559,\"height\":308,\"caption\":\"PROLEXIA STORE\"},\"image\":{\"@id\":\"https:\/\/store.prolexia.fr\/#\/schema\/logo\/image\/\"},\"sameAs\":[\"https:\/\/www.facebook.com\/prolexiafr\/\",\"https:\/\/x.com\/prolexiafr\",\"https:\/\/www.linkedin.com\/company\/prolexia\/\",\"https:\/\/www.youtube.com\/@PROLEXIA\"]}]}<\/script>\n<!-- \/ Yoast SEO plugin. -->","yoast_head_json":{"title":"Terms and Conditions - PROLEXIA STORE","robots":{"index":"index","follow":"follow","max-snippet":"max-snippet:-1","max-image-preview":"max-image-preview:large","max-video-preview":"max-video-preview:-1"},"canonical":"https:\/\/store.prolexia.fr\/fr\/terms-and-conditions\/","og_locale":"fr_FR","og_type":"article","og_title":"Terms and Conditions - PROLEXIA STORE","og_description":"In accordance with the provisions of Law No. 2004-575 of June 21, 2004 on Confidence in the Digital Economy (LCEN). 1. Website Publisher Company name: PROLEXIALegal form: SARLShare capital: 500 000 \u20acRegistered office: 865 avenue de Bruxelles, 83500 La Seyne-sur-Mer, FranceSIRET number: 398 926 774 00033EU VAT number: FR57398926774 Publication manager: St\u00e9phane NICOLASEmail &amp; Phone: [&hellip;]","og_url":"https:\/\/store.prolexia.fr\/fr\/terms-and-conditions\/","og_site_name":"PROLEXIA STORE","article_publisher":"https:\/\/www.facebook.com\/prolexiafr\/","article_modified_time":"2026-01-19T18:15:56+00:00","twitter_card":"summary_large_image","twitter_site":"@prolexiafr","twitter_misc":{"Dur\u00e9e de lecture estim\u00e9e":"1 minute"},"schema":{"@context":"https:\/\/schema.org","@graph":[{"@type":"WebPage","@id":"https:\/\/store.prolexia.fr\/terms-and-conditions\/","url":"https:\/\/store.prolexia.fr\/terms-and-conditions\/","name":"Terms and Conditions - PROLEXIA STORE","isPartOf":{"@id":"https:\/\/store.prolexia.fr\/#website"},"datePublished":"2025-12-30T20:29:06+00:00","dateModified":"2026-01-19T18:15:56+00:00","breadcrumb":{"@id":"https:\/\/store.prolexia.fr\/terms-and-conditions\/#breadcrumb"},"inLanguage":"fr-FR","potentialAction":[{"@type":"ReadAction","target":["https:\/\/store.prolexia.fr\/terms-and-conditions\/"]}]},{"@type":"BreadcrumbList","@id":"https:\/\/store.prolexia.fr\/terms-and-conditions\/#breadcrumb","itemListElement":[{"@type":"ListItem","position":1,"name":"Home","item":"https:\/\/store.prolexia.fr\/"},{"@type":"ListItem","position":2,"name":"Terms and Conditions"}]},{"@type":"WebSite","@id":"https:\/\/store.prolexia.fr\/#website","url":"https:\/\/store.prolexia.fr\/","name":"PROLEXIA STORE","description":"","publisher":{"@id":"https:\/\/store.prolexia.fr\/#organization"},"potentialAction":[{"@type":"SearchAction","target":{"@type":"EntryPoint","urlTemplate":"https:\/\/store.prolexia.fr\/?s={search_term_string}"},"query-input":{"@type":"PropertyValueSpecification","valueRequired":true,"valueName":"search_term_string"}}],"inLanguage":"fr-FR"},{"@type":"Organization","@id":"https:\/\/store.prolexia.fr\/#organization","name":"PROLEXIA STORE","url":"https:\/\/store.prolexia.fr\/","logo":{"@type":"ImageObject","inLanguage":"fr-FR","@id":"https:\/\/store.prolexia.fr\/#\/schema\/logo\/image\/","url":"https:\/\/store.prolexia.fr\/wp-content\/uploads\/2025\/12\/cropped-logo2-scaled-1.png","contentUrl":"https:\/\/store.prolexia.fr\/wp-content\/uploads\/2025\/12\/cropped-logo2-scaled-1.png","width":2559,"height":308,"caption":"PROLEXIA STORE"},"image":{"@id":"https:\/\/store.prolexia.fr\/#\/schema\/logo\/image\/"},"sameAs":["https:\/\/www.facebook.com\/prolexiafr\/","https:\/\/x.com\/prolexiafr","https:\/\/www.linkedin.com\/company\/prolexia\/","https:\/\/www.youtube.com\/@PROLEXIA"]}]}},"_links":{"self":[{"href":"https:\/\/store.prolexia.fr\/fr\/wp-json\/wp\/v2\/pages\/223","targetHints":{"allow":["GET"]}}],"collection":[{"href":"https:\/\/store.prolexia.fr\/fr\/wp-json\/wp\/v2\/pages"}],"about":[{"href":"https:\/\/store.prolexia.fr\/fr\/wp-json\/wp\/v2\/types\/page"}],"author":[{"embeddable":true,"href":"https:\/\/store.prolexia.fr\/fr\/wp-json\/wp\/v2\/users\/1"}],"replies":[{"embeddable":true,"href":"https:\/\/store.prolexia.fr\/fr\/wp-json\/wp\/v2\/comments?post=223"}],"version-history":[{"count":2,"href":"https:\/\/store.prolexia.fr\/fr\/wp-json\/wp\/v2\/pages\/223\/revisions"}],"predecessor-version":[{"id":236,"href":"https:\/\/store.prolexia.fr\/fr\/wp-json\/wp\/v2\/pages\/223\/revisions\/236"}],"wp:attachment":[{"href":"https:\/\/store.prolexia.fr\/fr\/wp-json\/wp\/v2\/media?parent=223"}],"curies":[{"name":"wp","href":"https:\/\/api.w.org\/{rel}","templated":true}]}}